{"id":250,"date":"2023-06-18T00:40:12","date_gmt":"2023-06-18T00:40:12","guid":{"rendered":"https:\/\/v2host.com.br\/souzadantas\/?page_id=250"},"modified":"2023-07-20T20:44:37","modified_gmt":"2023-07-20T20:44:37","slug":"sobre","status":"publish","type":"page","link":"https:\/\/advocaciasouzadantas.com.br\/2023\/sobre\/","title":{"rendered":"Sobre"},"content":{"rendered":"\t\t<div data-elementor-type=\"wp-page\" data-elementor-id=\"250\" class=\"elementor elementor-250\" data-elementor-post-type=\"page\">\n\t\t\t\t\t\t\t\t\t<section class=\"elementor-section elementor-top-section elementor-element elementor-element-fadb3fc elementor-section-boxed elementor-section-height-default elementor-section-height-default\" data-id=\"fadb3fc\" data-element_type=\"section\" data-settings=\"{&quot;background_background&quot;:&quot;classic&quot;,&quot;_ha_eqh_enable&quot;:false}\">\n\t\t\t\t\t\t<div class=\"elementor-container elementor-column-gap-default\">\n\t\t\t\t\t<div class=\"elementor-column elementor-col-100 elementor-top-column elementor-element elementor-element-1807c60\" data-id=\"1807c60\" data-element_type=\"column\">\n\t\t\t<div class=\"elementor-widget-wrap elementor-element-populated\">\n\t\t\t\t\t\t\t\t<div class=\"elementor-element elementor-element-c2ed400 elementor-widget elementor-widget-heading\" data-id=\"c2ed400\" data-element_type=\"widget\" data-widget_type=\"heading.default\">\n\t\t\t\t<div class=\"elementor-widget-container\">\n\t\t\t<style>\/*! elementor - v3.14.0 - 26-06-2023 *\/\n.elementor-heading-title{padding:0;margin:0;line-height:1}.elementor-widget-heading .elementor-heading-title[class*=elementor-size-]>a{color:inherit;font-size:inherit;line-height:inherit}.elementor-widget-heading .elementor-heading-title.elementor-size-small{font-size:15px}.elementor-widget-heading .elementor-heading-title.elementor-size-medium{font-size:19px}.elementor-widget-heading .elementor-heading-title.elementor-size-large{font-size:29px}.elementor-widget-heading .elementor-heading-title.elementor-size-xl{font-size:39px}.elementor-widget-heading .elementor-heading-title.elementor-size-xxl{font-size:59px}<\/style><h2 class=\"elementor-heading-title elementor-size-default\">SOBRE<\/h2>\t\t<\/div>\n\t\t\t\t<\/div>\n\t\t\t\t\t<\/div>\n\t\t<\/div>\n\t\t\t\t\t\t\t<\/div>\n\t\t<\/section>\n\t\t\t\t<section class=\"elementor-section elementor-top-section elementor-element elementor-element-f49dc75 elementor-section-boxed elementor-section-height-default elementor-section-height-default\" data-id=\"f49dc75\" data-element_type=\"section\" data-settings=\"{&quot;background_background&quot;:&quot;classic&quot;,&quot;_ha_eqh_enable&quot;:false}\">\n\t\t\t\t\t\t<div class=\"elementor-container elementor-column-gap-default\">\n\t\t\t\t\t<div class=\"elementor-column elementor-col-50 elementor-top-column elementor-element elementor-element-25b76fe\" data-id=\"25b76fe\" data-element_type=\"column\">\n\t\t\t<div class=\"elementor-widget-wrap elementor-element-populated\">\n\t\t\t\t\t\t\t\t<div class=\"elementor-element elementor-element-8274fb0 elementor-widget elementor-widget-image\" data-id=\"8274fb0\" data-element_type=\"widget\" data-widget_type=\"image.default\">\n\t\t\t\t<div class=\"elementor-widget-container\">\n\t\t\t<style>\/*! elementor - v3.14.0 - 26-06-2023 *\/\n.elementor-widget-image{text-align:center}.elementor-widget-image a{display:inline-block}.elementor-widget-image a img[src$=\".svg\"]{width:48px}.elementor-widget-image img{vertical-align:middle;display:inline-block}<\/style>\t\t\t\t\t\t\t\t\t\t\t\t<img decoding=\"async\" src=\"https:\/\/advocaciasouzadantas.com.br\/2023\/wp-content\/uploads\/2023\/06\/20anos-1.png\" title=\"20anos\" alt=\"20anos\" loading=\"lazy\" \/>\t\t\t\t\t\t\t\t\t\t\t\t\t\t\t<\/div>\n\t\t\t\t<\/div>\n\t\t\t\t<div class=\"elementor-element elementor-element-49e6e87 elementor-widget elementor-widget-text-editor\" data-id=\"49e6e87\" data-element_type=\"widget\" data-widget_type=\"text-editor.default\">\n\t\t\t\t<div class=\"elementor-widget-container\">\n\t\t\t<style>\/*! elementor - v3.14.0 - 26-06-2023 *\/\n.elementor-widget-text-editor.elementor-drop-cap-view-stacked .elementor-drop-cap{background-color:#69727d;color:#fff}.elementor-widget-text-editor.elementor-drop-cap-view-framed .elementor-drop-cap{color:#69727d;border:3px solid;background-color:transparent}.elementor-widget-text-editor:not(.elementor-drop-cap-view-default) .elementor-drop-cap{margin-top:8px}.elementor-widget-text-editor:not(.elementor-drop-cap-view-default) .elementor-drop-cap-letter{width:1em;height:1em}.elementor-widget-text-editor .elementor-drop-cap{float:left;text-align:center;line-height:1;font-size:50px}.elementor-widget-text-editor .elementor-drop-cap-letter{display:inline-block}<\/style>\t\t\t\t<p>A Advocacia Souza Dantas \u00e9 uma sociedade de advogados brasileira, constitu\u00edda no ano de 2004, na cidade do Salvador, capital do Estado da Bahia, registrada perante a se\u00e7\u00e3o baiana da Ordem dos Advogados do Brasil sob o no 1.335. Desde a sua funda\u00e7\u00e3o, a Advocacia Souza Dantas vem prestando relevantes servi\u00e7os de advocacia, desenvolvendo um s\u00f3lido trabalho voltando \u00e0 efetiva\u00e7\u00e3o de direitos de pessoas f\u00edsicas e jur\u00eddicas.<\/p>\n<p><br><\/p>\n<p>Os valores que inspiram o desenvolvimento do trabalho pela equipe da Advocacia Souza Dantas s\u00e3o a defesa da legalidade e do Estado Constitucional Democr\u00e1tico como meio de contribui\u00e7\u00e3o para o desenvolvimento de uma sociedade livre, fraterna e igualit\u00e1ria, e o amor ao pr\u00f3ximo como indispens\u00e1vel elemento agregador e de coes\u00e3o social.<\/p>\t\t\t\t\t\t<\/div>\n\t\t\t\t<\/div>\n\t\t\t\t<div class=\"elementor-element elementor-element-61244d5 elementor-position-left elementor-mobile-position-left elementor-view-default elementor-vertical-align-top elementor-widget elementor-widget-icon-box\" data-id=\"61244d5\" data-element_type=\"widget\" data-widget_type=\"icon-box.default\">\n\t\t\t\t<div class=\"elementor-widget-container\">\n\t\t\t<link rel=\"stylesheet\" href=\"https:\/\/advocaciasouzadantas.com.br\/2023\/wp-content\/plugins\/elementor\/assets\/css\/widget-icon-box.min.css\">\t\t<div class=\"elementor-icon-box-wrapper\">\n\t\t\t\t\t\t<div class=\"elementor-icon-box-icon\">\n\t\t\t\t<span class=\"elementor-icon elementor-animation-\" >\n\t\t\t\t<i aria-hidden=\"true\" class=\"fas fa-balance-scale\"><\/i>\t\t\t\t<\/span>\n\t\t\t<\/div>\n\t\t\t\t\t\t<div class=\"elementor-icon-box-content\">\n\t\t\t\t<h3 class=\"elementor-icon-box-title\">\n\t\t\t\t\t<span  >\n\t\t\t\t\t\tDr Godofredo Souza Dantas Neto\t\t\t\t\t<\/span>\n\t\t\t\t<\/h3>\n\t\t\t\t\t\t\t\t\t<p class=\"elementor-icon-box-description\">\n\t\t\t\t\t\tOAB 17.874 BA \/\/ 450754 SP \/\/ 66098 BSB \t\t\t\t\t<\/p>\n\t\t\t\t\t\t\t<\/div>\n\t\t<\/div>\n\t\t\t\t<\/div>\n\t\t\t\t<\/div>\n\t\t\t\t\t<\/div>\n\t\t<\/div>\n\t\t\t\t<div class=\"elementor-column elementor-col-50 elementor-top-column elementor-element elementor-element-ca1badc\" data-id=\"ca1badc\" data-element_type=\"column\">\n\t\t\t<div class=\"elementor-widget-wrap elementor-element-populated\">\n\t\t\t\t\t\t\t\t<div class=\"elementor-element elementor-element-ebd4a88 elementor-widget elementor-widget-image\" data-id=\"ebd4a88\" data-element_type=\"widget\" data-widget_type=\"image.default\">\n\t\t\t\t<div class=\"elementor-widget-container\">\n\t\t\t\t\t\t\t\t\t\t\t\t\t\t\t<img loading=\"lazy\" decoding=\"async\" width=\"612\" height=\"755\" src=\"https:\/\/advocaciasouzadantas.com.br\/2023\/wp-content\/uploads\/2023\/06\/adv-godofredo1-cinza.png\" class=\"attachment-large size-large wp-image-383\" alt=\"\" srcset=\"https:\/\/advocaciasouzadantas.com.br\/2023\/wp-content\/uploads\/2023\/06\/adv-godofredo1-cinza.png 612w, https:\/\/advocaciasouzadantas.com.br\/2023\/wp-content\/uploads\/2023\/06\/adv-godofredo1-cinza-243x300.png 243w\" sizes=\"auto, (max-width: 612px) 100vw, 612px\" style=\"width:100%;height:123.37%;max-width:612px\" \/>\t\t\t\t\t\t\t\t\t\t\t\t\t\t\t<\/div>\n\t\t\t\t<\/div>\n\t\t\t\t\t<\/div>\n\t\t<\/div>\n\t\t\t\t\t\t\t<\/div>\n\t\t<\/section>\n\t\t\t\t<section class=\"elementor-section elementor-top-section elementor-element elementor-element-5a7bbb5 elementor-section-boxed elementor-section-height-default elementor-section-height-default\" data-id=\"5a7bbb5\" data-element_type=\"section\" data-settings=\"{&quot;background_background&quot;:&quot;classic&quot;,&quot;_ha_eqh_enable&quot;:false}\">\n\t\t\t\t\t\t<div class=\"elementor-container elementor-column-gap-default\">\n\t\t\t\t\t<div class=\"elementor-column elementor-col-100 elementor-top-column elementor-element elementor-element-44cae5e\" data-id=\"44cae5e\" data-element_type=\"column\" data-settings=\"{&quot;background_background&quot;:&quot;classic&quot;}\">\n\t\t\t<div class=\"elementor-widget-wrap elementor-element-populated\">\n\t\t\t\t\t\t\t\t<section class=\"elementor-section elementor-inner-section elementor-element elementor-element-53c1e3e elementor-section-boxed elementor-section-height-default elementor-section-height-default\" data-id=\"53c1e3e\" data-element_type=\"section\" data-settings=\"{&quot;_ha_eqh_enable&quot;:false}\">\n\t\t\t\t\t\t<div class=\"elementor-container elementor-column-gap-default\">\n\t\t\t\t\t<div class=\"elementor-column elementor-col-25 elementor-inner-column elementor-element elementor-element-be9e129\" data-id=\"be9e129\" data-element_type=\"column\">\n\t\t\t<div class=\"elementor-widget-wrap elementor-element-populated\">\n\t\t\t\t\t\t\t\t<div class=\"elementor-element elementor-element-9d1acf3 elementor-widget elementor-widget-ha-member happy-addon ha-member\" data-id=\"9d1acf3\" data-element_type=\"widget\" data-widget_type=\"ha-member.default\">\n\t\t\t\t<div class=\"elementor-widget-container\">\n\t\t\t\n\t\t\t\t\t<figure class=\"ha-member-figure\">\n\t\t\t\t<img loading=\"lazy\" decoding=\"async\" width=\"441\" height=\"600\" src=\"https:\/\/advocaciasouzadantas.com.br\/2023\/wp-content\/uploads\/2023\/06\/2.-Dra-Cleversony-Amaral-Correa-OAB-27.868.png\" class=\"elementor-animation-disable-animation attachment-large size-large wp-image-261\" alt=\"\" srcset=\"https:\/\/advocaciasouzadantas.com.br\/2023\/wp-content\/uploads\/2023\/06\/2.-Dra-Cleversony-Amaral-Correa-OAB-27.868.png 441w, https:\/\/advocaciasouzadantas.com.br\/2023\/wp-content\/uploads\/2023\/06\/2.-Dra-Cleversony-Amaral-Correa-OAB-27.868-221x300.png 221w\" sizes=\"auto, (max-width: 441px) 100vw, 441px\" style=\"width:100%;height:136.05%;max-width:441px;\" \/>\t\t\t<\/figure>\n\t\t\n\t\t<div class=\"ha-member-body\">\n\t\t\t<h2 class=\"ha-member-name\">Dr\u00aa Cleversony Amaral Corr\u00eaa<\/h2>\n\t\t\t\t\t\t\t<div class=\"ha-member-position\">OAB 27.868  <\/div>\n\t\t\t\n\t\t\t\t\t\t\t<div class=\"ha-member-bio\">\n\t\t\t\t\t<p>Advogada na Advocacia Souza Dantas<\/p>\n\t\t\t\t<\/div>\n\t\t\t\n\t\t\t\n\t\t\t\t\t\t\t<div class=\"ha-member-links\">\n\t\t\t\t\t<a target=\"_blank\" rel=\"noopener\" href=\"https:\/\/www.linkedin.com\/in\/cl%C3%A9o-corr%C3%AAa-87019976\/%20\" class=\"elementor-repeater-item-da4f360\"><i class=\"fa fa-linkedin fab\" aria-hidden=\"true\"><\/i><\/a>\t\t\t\t<\/div>\n\t\t\t\n\t\t\t\t\t<\/div>\n\t\t\t\t<\/div>\n\t\t\t\t<\/div>\n\t\t\t\t\t<\/div>\n\t\t<\/div>\n\t\t\t\t<div class=\"elementor-column elementor-col-25 elementor-inner-column elementor-element elementor-element-39dcd3b\" data-id=\"39dcd3b\" data-element_type=\"column\">\n\t\t\t<div class=\"elementor-widget-wrap elementor-element-populated\">\n\t\t\t\t\t\t\t\t<div class=\"elementor-element elementor-element-ff38000 elementor-widget elementor-widget-ha-member happy-addon ha-member\" data-id=\"ff38000\" data-element_type=\"widget\" data-widget_type=\"ha-member.default\">\n\t\t\t\t<div class=\"elementor-widget-container\">\n\t\t\t\n\t\t\t\t\t<figure class=\"ha-member-figure\">\n\t\t\t\t<img loading=\"lazy\" decoding=\"async\" width=\"441\" height=\"600\" src=\"https:\/\/advocaciasouzadantas.com.br\/2023\/wp-content\/uploads\/2023\/06\/3.-Dr-Felipe-Miranda-Alpoim-Braga-OAB-53.396.png\" class=\"elementor-animation-disable-animation attachment-large size-large wp-image-262\" alt=\"\" srcset=\"https:\/\/advocaciasouzadantas.com.br\/2023\/wp-content\/uploads\/2023\/06\/3.-Dr-Felipe-Miranda-Alpoim-Braga-OAB-53.396.png 441w, https:\/\/advocaciasouzadantas.com.br\/2023\/wp-content\/uploads\/2023\/06\/3.-Dr-Felipe-Miranda-Alpoim-Braga-OAB-53.396-221x300.png 221w\" sizes=\"auto, (max-width: 441px) 100vw, 441px\" style=\"width:100%;height:136.05%;max-width:441px;\" \/>\t\t\t<\/figure>\n\t\t\n\t\t<div class=\"ha-member-body\">\n\t\t\t<h2 class=\"ha-member-name\">Dr Felipe Miranda Alpoim Braga<\/h2>\n\t\t\t\t\t\t\t<div class=\"ha-member-position\">OAB 53.396<\/div>\n\t\t\t\n\t\t\t\t\t\t\t<div class=\"ha-member-bio\">\n\t\t\t\t\t<p>Advogado especialista em Direito e Processo do Trabalho. P\u00f3s-graduado Compliance Trabalhista e LGPD. <\/p>\n\t\t\t\t<\/div>\n\t\t\t\n\t\t\t\n\t\t\t\t\t\t\t<div class=\"ha-member-links\">\n\t\t\t\t\t<a target=\"_blank\" rel=\"noopener\" href=\"https:\/\/www.linkedin.com\/in\/felipe-miranda-309a62160\/%20\" class=\"elementor-repeater-item-da4f360\"><i class=\"fa fa-linkedin fab\" aria-hidden=\"true\"><\/i><\/a>\t\t\t\t<\/div>\n\t\t\t\n\t\t\t\t\t<\/div>\n\t\t\t\t<\/div>\n\t\t\t\t<\/div>\n\t\t\t\t\t<\/div>\n\t\t<\/div>\n\t\t\t\t<div class=\"elementor-column elementor-col-25 elementor-inner-column elementor-element elementor-element-9a127ca\" data-id=\"9a127ca\" data-element_type=\"column\">\n\t\t\t<div class=\"elementor-widget-wrap elementor-element-populated\">\n\t\t\t\t\t\t\t\t<div class=\"elementor-element elementor-element-a80afc0 elementor-widget elementor-widget-ha-member happy-addon ha-member\" data-id=\"a80afc0\" data-element_type=\"widget\" data-widget_type=\"ha-member.default\">\n\t\t\t\t<div class=\"elementor-widget-container\">\n\t\t\t\n\t\t\t\t\t<figure class=\"ha-member-figure\">\n\t\t\t\t<img loading=\"lazy\" decoding=\"async\" width=\"441\" height=\"600\" src=\"https:\/\/advocaciasouzadantas.com.br\/2023\/wp-content\/uploads\/2023\/06\/4.-Dr-Filipe-Lira-de-Medeiros-OAB-71.875.png\" class=\"elementor-animation-disable-animation attachment-large size-large wp-image-263\" alt=\"\" srcset=\"https:\/\/advocaciasouzadantas.com.br\/2023\/wp-content\/uploads\/2023\/06\/4.-Dr-Filipe-Lira-de-Medeiros-OAB-71.875.png 441w, https:\/\/advocaciasouzadantas.com.br\/2023\/wp-content\/uploads\/2023\/06\/4.-Dr-Filipe-Lira-de-Medeiros-OAB-71.875-221x300.png 221w\" sizes=\"auto, (max-width: 441px) 100vw, 441px\" style=\"width:100%;height:136.05%;max-width:441px;\" \/>\t\t\t<\/figure>\n\t\t\n\t\t<div class=\"ha-member-body\">\n\t\t\t<h2 class=\"ha-member-name\">Dr Filipe Lira de Medeiros<\/h2>\n\t\t\t\t\t\t\t<div class=\"ha-member-position\">OAB 71.875<\/div>\n\t\t\t\n\t\t\t\t\t\t\t<div class=\"ha-member-bio\">\n\t\t\t\t\t<p>Membro da Comiss\u00e3o Especial de Direitos Desportivo OAB\/BA.<\/p>\n\t\t\t\t<\/div>\n\t\t\t\n\t\t\t\n\t\t\t\t\t\t\t<div class=\"ha-member-links\">\n\t\t\t\t\t<a target=\"_blank\" rel=\"noopener\" href=\"https:\/\/www.linkedin.com\/in\/filipe-lira-467651200\/%20\" class=\"elementor-repeater-item-da4f360\"><i class=\"fa fa-linkedin fab\" aria-hidden=\"true\"><\/i><\/a>\t\t\t\t<\/div>\n\t\t\t\n\t\t\t\t\t<\/div>\n\t\t\t\t<\/div>\n\t\t\t\t<\/div>\n\t\t\t\t\t<\/div>\n\t\t<\/div>\n\t\t\t\t<div class=\"elementor-column elementor-col-25 elementor-inner-column elementor-element elementor-element-b7a46f8\" data-id=\"b7a46f8\" data-element_type=\"column\">\n\t\t\t<div class=\"elementor-widget-wrap elementor-element-populated\">\n\t\t\t\t\t\t\t\t<div class=\"elementor-element elementor-element-fe0ca75 elementor-widget elementor-widget-ha-member happy-addon ha-member\" data-id=\"fe0ca75\" data-element_type=\"widget\" data-widget_type=\"ha-member.default\">\n\t\t\t\t<div class=\"elementor-widget-container\">\n\t\t\t\n\t\t\t\t\t<figure class=\"ha-member-figure\">\n\t\t\t\t<img loading=\"lazy\" decoding=\"async\" width=\"441\" height=\"600\" src=\"https:\/\/advocaciasouzadantas.com.br\/2023\/wp-content\/uploads\/2023\/06\/5.-Sueli-Santana-Mascarenhas.png\" class=\"elementor-animation-disable-animation attachment-large size-large wp-image-264\" alt=\"\" srcset=\"https:\/\/advocaciasouzadantas.com.br\/2023\/wp-content\/uploads\/2023\/06\/5.-Sueli-Santana-Mascarenhas.png 441w, https:\/\/advocaciasouzadantas.com.br\/2023\/wp-content\/uploads\/2023\/06\/5.-Sueli-Santana-Mascarenhas-221x300.png 221w\" sizes=\"auto, (max-width: 441px) 100vw, 441px\" style=\"width:100%;height:136.05%;max-width:441px;\" \/>\t\t\t<\/figure>\n\t\t\n\t\t<div class=\"ha-member-body\">\n\t\t\t<h2 class=\"ha-member-name\">Sueli Mascarenhas<\/h2>\n\t\t\t\t\t\t\t<div class=\"ha-member-position\">Especialista em investimentos<\/div>\n\t\t\t\n\t\t\t\t\t\t\t<div class=\"ha-member-bio\">\n\t\t\t\t\t<p>Profissional com perfil generalista em RH e experi\u00eancia consolidada em gest\u00e3o de pessoas, com rotinas de pessoal e R&amp;S.<\/p>\n\t\t\t\t<\/div>\n\t\t\t\n\t\t\t\n\t\t\t\t\t\t\t<div class=\"ha-member-links\">\n\t\t\t\t\t<a target=\"_blank\" rel=\"noopener\" href=\"https:\/\/www.linkedin.com\/in\/sueli-mascarenhas-cea-48782638\/%20\" class=\"elementor-repeater-item-da4f360\"><i class=\"fa fa-linkedin fab\" aria-hidden=\"true\"><\/i><\/a>\t\t\t\t<\/div>\n\t\t\t\n\t\t\t\t\t<\/div>\n\t\t\t\t<\/div>\n\t\t\t\t<\/div>\n\t\t\t\t\t<\/div>\n\t\t<\/div>\n\t\t\t\t\t\t\t<\/div>\n\t\t<\/section>\n\t\t\t\t\t<\/div>\n\t\t<\/div>\n\t\t\t\t\t\t\t<\/div>\n\t\t<\/section>\n\t\t\t\t\t\t\t<\/div>\n\t\t","protected":false},"excerpt":{"rendered":"<p>SOBRE A Advocacia Souza Dantas \u00e9 uma sociedade de advogados brasileira, constitu\u00edda no ano de 2004, na cidade do Salvador, capital do Estado da Bahia, registrada perante a se\u00e7\u00e3o baiana da Ordem dos Advogados do Brasil sob o no 1.335. Desde a sua funda\u00e7\u00e3o, a Advocacia Souza Dantas vem prestando relevantes servi\u00e7os de advocacia, desenvolvendo&hellip; <a class=\"more-link\" href=\"https:\/\/advocaciasouzadantas.com.br\/2023\/sobre\/\">Continuar lendo <span class=\"screen-reader-text\">Sobre<\/span><\/a><\/p>\n","protected":false},"author":1,"featured_media":0,"parent":0,"menu_order":0,"comment_status":"closed","ping_status":"closed","template":"elementor_header_footer","meta":{"footnotes":""},"class_list":["post-250","page","type-page","status-publish","hentry","entry"],"_links":{"self":[{"href":"https:\/\/advocaciasouzadantas.com.br\/2023\/wp-json\/wp\/v2\/pages\/250","targetHints":{"allow":["GET"]}}],"collection":[{"href":"https:\/\/advocaciasouzadantas.com.br\/2023\/wp-json\/wp\/v2\/pages"}],"about":[{"href":"https:\/\/advocaciasouzadantas.com.br\/2023\/wp-json\/wp\/v2\/types\/page"}],"author":[{"embeddable":true,"href":"https:\/\/advocaciasouzadantas.com.br\/2023\/wp-json\/wp\/v2\/users\/1"}],"replies":[{"embeddable":true,"href":"https:\/\/advocaciasouzadantas.com.br\/2023\/wp-json\/wp\/v2\/comments?post=250"}],"version-history":[{"count":3,"href":"https:\/\/advocaciasouzadantas.com.br\/2023\/wp-json\/wp\/v2\/pages\/250\/revisions"}],"predecessor-version":[{"id":445,"href":"https:\/\/advocaciasouzadantas.com.br\/2023\/wp-json\/wp\/v2\/pages\/250\/revisions\/445"}],"wp:attachment":[{"href":"https:\/\/advocaciasouzadantas.com.br\/2023\/wp-json\/wp\/v2\/media?parent=250"}],"curies":[{"name":"wp","href":"https:\/\/api.w.org\/{rel}","templated":true}]}}